{"id":2,"date":"2024-04-20T19:26:44","date_gmt":"2024-04-20T17:26:44","guid":{"rendered":"https:\/\/minidator.se\/?page_id=2"},"modified":"2025-04-22T20:48:19","modified_gmt":"2025-04-22T18:48:19","slug":"huvudsida","status":"publish","type":"page","link":"https:\/\/minidator.se\/","title":{"rendered":"Huvudsida"},"content":{"rendered":"<p>[et_pb_section fb_built=&#8221;1&#8243; admin_label=&#8221;section&#8221; _builder_version=&#8221;4.16&#8243; global_colors_info=&#8221;{}&#8221; custom_padding=&#8221;||25px|||&#8221; custom_margin=&#8221;||28px|||&#8221;][et_pb_row column_structure=&#8221;1_3,1_3,1_3&#8243; admin_label=&#8221;row&#8221; _builder_version=&#8221;4.16&#8243; background_size=&#8221;initial&#8221; background_position=&#8221;top_left&#8221; background_repeat=&#8221;repeat&#8221; global_colors_info=&#8221;{}&#8221;][et_pb_column type=&#8221;1_3&#8243; _builder_version=&#8221;4.16&#8243; custom_padding=&#8221;|||&#8221; global_colors_info=&#8221;{}&#8221; custom_padding__hover=&#8221;|||&#8221;][et_pb_image src=&#8221;https:\/\/minidator.se\/wp-content\/uploads\/2025\/04\/Maleri.jpeg&#8221; title_text=&#8221;M\u00e5leri&#8221; _builder_version=&#8221;4.24.0&#8243; _module_preset=&#8221;default&#8221; hover_enabled=&#8221;0&#8243; global_colors_info=&#8221;{}&#8221; sticky_enabled=&#8221;0&#8243;][\/et_pb_image][\/et_pb_column][et_pb_column _builder_version=&#8221;4.24.0&#8243; _module_preset=&#8221;default&#8221; type=&#8221;1_3&#8243;][et_pb_image src=&#8221;https:\/\/minidator.se\/wp-content\/uploads\/2025\/04\/Grafik.jpg&#8221; title_text=&#8221;Grafik&#8221; _builder_version=&#8221;4.24.0&#8243; _module_preset=&#8221;default&#8221; global_colors_info=&#8221;{}&#8221;][\/et_pb_image][\/et_pb_column][et_pb_column _builder_version=&#8221;4.24.0&#8243; _module_preset=&#8221;default&#8221; type=&#8221;1_3&#8243;][et_pb_image src=&#8221;https:\/\/minidator.se\/wp-content\/uploads\/2025\/04\/skulptur.jpg&#8221; _builder_version=&#8221;4.24.0&#8243; _module_preset=&#8221;default&#8221; title_text=&#8221;skulptur&#8221; hover_enabled=&#8221;0&#8243; sticky_enabled=&#8221;0&#8243;][\/et_pb_image][\/et_pb_column][\/et_pb_row][\/et_pb_section][et_pb_section fb_built=&#8221;1&#8243; fullwidth=&#8221;on&#8221; theme_builder_area=&#8221;post_content&#8221; _builder_version=&#8221;4.24.0&#8243; _module_preset=&#8221;default&#8221;][\/et_pb_section][et_pb_section fb_built=&#8221;1&#8243; fullwidth=&#8221;on&#8221; theme_builder_area=&#8221;post_content&#8221; _builder_version=&#8221;4.24.0&#8243; _module_preset=&#8221;default&#8221; hover_enabled=&#8221;0&#8243; sticky_enabled=&#8221;0&#8243; min_height=&#8221;146px&#8221; height=&#8221;161px&#8221; max_height=&#8221;165px&#8221; custom_padding=&#8221;||0px|||&#8221;][et_pb_fullwidth_code _builder_version=&#8221;4.24.0&#8243; _module_preset=&#8221;default&#8221; theme_builder_area=&#8221;post_content&#8221; background_color=&#8221;#0C71C3&#8243; min_height=&#8221;1px&#8221; height=&#8221;1px&#8221; max_height=&#8221;1px&#8221; hover_enabled=&#8221;0&#8243; sticky_enabled=&#8221;0&#8243; custom_padding=&#8221;69px||0px|||&#8221; custom_margin=&#8221;-85px||-99px|||&#8221;][\/et_pb_fullwidth_code][\/et_pb_section][et_pb_section fb_built=&#8221;1&#8243; fullwidth=&#8221;on&#8221; theme_builder_area=&#8221;post_content&#8221; _builder_version=&#8221;4.24.0&#8243; _module_preset=&#8221;default&#8221; custom_margin=&#8221;-61px|||||&#8221;][\/et_pb_section][et_pb_section fb_built=&#8221;1&#8243; theme_builder_area=&#8221;post_content&#8221; _builder_version=&#8221;4.24.0&#8243; _module_preset=&#8221;default&#8221;][\/et_pb_section][et_pb_section fb_built=&#8221;1&#8243; admin_label=&#8221;section&#8221; _builder_version=&#8221;4.16&#8243; global_colors_info=&#8221;{}&#8221;][et_pb_row admin_label=&#8221;row&#8221; _builder_version=&#8221;4.16&#8243; background_size=&#8221;initial&#8221; background_position=&#8221;top_left&#8221; background_repeat=&#8221;repeat&#8221; hover_enabled=&#8221;0&#8243; global_colors_info=&#8221;{}&#8221; sticky_enabled=&#8221;0&#8243;][et_pb_column type=&#8221;4_4&#8243; _builder_version=&#8221;4.16&#8243; custom_padding=&#8221;|||&#8221; global_colors_info=&#8221;{}&#8221; custom_padding__hover=&#8221;|||&#8221;][et_pb_text admin_label=&#8221;Text&#8221; _builder_version=&#8221;4.16&#8243; background_size=&#8221;initial&#8221; background_position=&#8221;top_left&#8221; background_repeat=&#8221;repeat&#8221; hover_enabled=&#8221;0&#8243; global_colors_info=&#8221;{}&#8221; sticky_enabled=&#8221;0&#8243;][\/et_pb_text][\/et_pb_column][\/et_pb_row][et_pb_row _builder_version=&#8221;4.24.0&#8243; _module_preset=&#8221;default&#8221; hover_enabled=&#8221;0&#8243; sticky_enabled=&#8221;0&#8243; min_height=&#8221;548.1px&#8221;][et_pb_column _builder_version=&#8221;4.24.0&#8243; _module_preset=&#8221;default&#8221; type=&#8221;4_4&#8243;][et_pb_text _builder_version=&#8221;4.24.0&#8243; _module_preset=&#8221;default&#8221; hover_enabled=&#8221;0&#8243; sticky_enabled=&#8221;0&#8243; min_height=&#8221;394.1px&#8221; custom_padding=&#8221;0px|||||&#8221; custom_margin=&#8221;-157px|||||&#8221;]<\/p>\n<h2>Aktuellt<\/h2>\n<p>28\/5 &#8211; 1\/6 2025<\/p>\n<p>S\u00f6dra \u00d6lands konstrunda<\/p>\n<p>29\/6 &#8211; 26\/7 2025<\/p>\n<p>Galleri Bl\u00e5 N\u00e4ktergalen<\/p>\n<p>5\/7 &#8211; 31\/7<\/p>\n<p>Sommar\u00f6ppet Galleri F\u00e5gelform. Ons-s\u00f6n 11-17<\/p>\n<p>1\/8 &#8211; 24\/8<\/p>\n<p>Fortsatt sommar\u00f6ppet Galleri F\u00e5gelform. Ons-s\u00f6n 11-17<\/p>\n<p>24\/9 &#8211; 28\/9 \u00d6lands sk\u00f6rdefest<\/p>\n<p>[\/et_pb_text][\/et_pb_column][\/et_pb_row][\/et_pb_section]<\/p>\n","protected":false},"excerpt":{"rendered":"<p>Aktuellt 28\/5 &#8211; 1\/6 2025 S\u00f6dra \u00d6lands konstrunda 29\/6 &#8211; 26\/7 2025 Galleri Bl\u00e5 N\u00e4ktergalen 5\/7 &#8211; 31\/7 Sommar\u00f6ppet Galleri F\u00e5gelform. Ons-s\u00f6n 11-17 1\/8 &#8211; 24\/8 Fortsatt sommar\u00f6ppet Galleri F\u00e5gelform. Ons-s\u00f6n 11-17 24\/9 &#8211; 28\/9 \u00d6lands sk\u00f6rdefest<\/p>\n","protected":false},"author":1,"featured_media":0,"parent":0,"menu_order":0,"comment_status":"closed","ping_status":"closed","template":"","meta":{"_et_pb_use_builder":"on","_et_pb_old_content":"<!-- wp:paragraph -->\n<p>Detta \u00e4r en exempelsida. Den skiljer sig fr\u00e5n ett blogginl\u00e4gg genom att den finns kvar p\u00e5 samma plats och kommer att visas i din webbplatsnavigering (i de flesta teman). De flesta b\u00f6rjar med en Om-sida som presenterar dem f\u00f6r potentiella bes\u00f6kare. Den skulle t.ex kunna ha f\u00f6ljande inneh\u00e5ll:<\/p>\n<!-- \/wp:paragraph -->\n\n<!-- wp:quote -->\n<blockquote class=\"wp-block-quote\"><p>Hej d\u00e4r! Jag \u00e4r cykelbud p\u00e5 dagen, blivande sk\u00e5despelare p\u00e5 natten och detta \u00e4r min blogg. Jag bor i \u00d6rebro, har en katt som heter Lurv och jag gillar Pina Coladas. (och att simma i G\u00f6ta kanal).<\/p><\/blockquote>\n<!-- \/wp:quote -->\n\n<!-- wp:paragraph -->\n<p>... eller n\u00e5got liknande detta:<\/p>\n<!-- \/wp:paragraph -->\n\n<!-- wp:quote -->\n<blockquote class=\"wp-block-quote\"><p>F\u00f6retaget AB grundades 1971 och har sedan dess varit den st\u00f6rsta leverant\u00f6ren av grunk-manicker p\u00e5 den svenska marknaden. FAB finns i utkanten av Gr\u00f6nk\u00f6ping, har drygt 20&nbsp;000 anst\u00e4llda och l\u00e4ser veckobladet varje \u00e5r.<\/p><\/blockquote>\n<!-- \/wp:quote -->\n\n<!-- wp:paragraph -->\n<p>Som ny WordPress-anv\u00e4ndare b\u00f6r du g\u00e5 till din <a href=\"https:\/\/minidator.se\/wp-admin\/\">adminpanel<\/a> f\u00f6r att radera denna sida och skapa nya sidor f\u00f6r ditt inneh\u00e5ll. Lycka till!<\/p>\n<!-- \/wp:paragraph -->","_et_gb_content_width":"","footnotes":""},"class_list":["post-2","page","type-page","status-publish","hentry"],"_links":{"self":[{"href":"https:\/\/minidator.se\/index.php?rest_route=\/wp\/v2\/pages\/2","targetHints":{"allow":["GET"]}}],"collection":[{"href":"https:\/\/minidator.se\/index.php?rest_route=\/wp\/v2\/pages"}],"about":[{"href":"https:\/\/minidator.se\/index.php?rest_route=\/wp\/v2\/types\/page"}],"author":[{"embeddable":true,"href":"https:\/\/minidator.se\/index.php?rest_route=\/wp\/v2\/users\/1"}],"replies":[{"embeddable":true,"href":"https:\/\/minidator.se\/index.php?rest_route=%2Fwp%2Fv2%2Fcomments&post=2"}],"version-history":[{"count":11,"href":"https:\/\/minidator.se\/index.php?rest_route=\/wp\/v2\/pages\/2\/revisions"}],"predecessor-version":[{"id":31,"href":"https:\/\/minidator.se\/index.php?rest_route=\/wp\/v2\/pages\/2\/revisions\/31"}],"wp:attachment":[{"href":"https:\/\/minidator.se\/index.php?rest_route=%2Fwp%2Fv2%2Fmedia&parent=2"}],"curies":[{"name":"wp","href":"https:\/\/api.w.org\/{rel}","templated":true}]}}